{"id":6579,"date":"2020-08-26T11:13:12","date_gmt":"2020-08-26T09:13:12","guid":{"rendered":"https:\/\/siccast.de\/kontakt\/"},"modified":"2021-04-16T14:18:38","modified_gmt":"2021-04-16T12:18:38","slug":"kontakt","status":"publish","type":"page","link":"https:\/\/siccast.de\/de\/kontakt\/","title":{"rendered":"Kontakt"},"content":{"rendered":"<p>[et_pb_section fb_built=&#8220;1&#8243; custom_padding_last_edited=&#8220;on|phone&#8220; admin_label=&#8220;Hero&#8220; _builder_version=&#8220;4.5.7&#8243; background_enable_image=&#8220;off&#8220; background_size=&#8220;initial&#8220; background_position=&#8220;center_left&#8220; custom_margin=&#8220;0px||||false|false&#8220; custom_padding=&#8220;0px|10%|0px|10%|true|true&#8220; custom_padding_tablet=&#8220;|30px||30px||true&#8220; custom_padding_phone=&#8220;|0px||0px|false|true&#8220; saved_tabs=&#8220;all&#8220;][et_pb_row padding_top_bottom_link_1=&#8220;true&#8220; padding_left_right_link_1=&#8220;true&#8220; _builder_version=&#8220;4.4.1&#8243; background_size=&#8220;initial&#8220; background_position=&#8220;top_left&#8220; width=&#8220;100%&#8220; max_width=&#8220;100%&#8220; min_height=&#8220;187px&#8220; custom_margin=&#8220;|||&#8220; custom_padding=&#8220;0px||0px||false|false&#8220; use_custom_width=&#8220;on&#8220; width_unit=&#8220;off&#8220; custom_width_percent=&#8220;100%&#8220;][et_pb_column type=&#8220;4_4&#8243; _builder_version=&#8220;4.4.1&#8243; use_background_color_gradient=&#8220;on&#8220; background_color_gradient_start=&#8220;rgba(0,0,0,0.12)&#8220; background_color_gradient_end=&#8220;rgba(255,255,255,0)&#8220; custom_padding=&#8220;4vw|40px|4vw|40px|false|false&#8220; custom_padding_tablet=&#8220;23vw||||false|false&#8220; custom_padding_phone=&#8220;|10px||10px||true&#8220; custom_padding_last_edited=&#8220;on|phone&#8220; padding_phone=&#8220;|10px||10px||true&#8220; padding_tablet=&#8220;|||&#8220; padding_last_edited=&#8220;on|desktop&#8220; custom_padding__hover=&#8220;|||&#8220;][et_pb_text _builder_version=&#8220;4.5.7&#8243; text_font=&#8220;||||||||&#8220; text_text_color=&#8220;#a8a8a8&#8243; header_font=&#8220;||||||||&#8220; header_4_font=&#8220;Teko|600||on|||||&#8220; header_4_text_color=&#8220;#8c8c8c&#8220; header_4_font_size=&#8220;22px&#8220; header_4_letter_spacing=&#8220;4px&#8220; header_4_line_height=&#8220;1.6em&#8220; custom_margin=&#8220;0px|||-80px|false|false&#8220; custom_margin_tablet=&#8220;-50px|||0px|false|false&#8220; custom_margin_phone=&#8220;0px||||false|false&#8220; custom_margin_last_edited=&#8220;on|phone&#8220; custom_padding=&#8220;0px|15px||15px|false|true&#8220; animation_style=&#8220;slide&#8220; animation_direction=&#8220;right&#8220; animation_intensity_slide=&#8220;10%&#8220;]<\/p>\n<h4>Haben Sie ein Verschlei\u00dfproblem?<\/h4>\n<p>[\/et_pb_text][et_pb_text _builder_version=&#8220;4.5.7&#8243; text_font=&#8220;Lato||||||||&#8220; text_font_size=&#8220;20px&#8220; text_line_height=&#8220;1.8em&#8220; header_font=&#8220;Teko|500||on|||||&#8220; header_text_color=&#8220;#3b3b3b&#8220; header_font_size=&#8220;5vw&#8220; header_letter_spacing=&#8220;0.05em&#8220; background_layout=&#8220;dark&#8220; custom_margin=&#8220;|-10vw|0px|&#8220; custom_margin_tablet=&#8220;|0vw||&#8220; custom_margin_phone=&#8220;||||false|false&#8220; custom_margin_last_edited=&#8220;on|tablet&#8220; custom_padding=&#8220;|15px||15px|false|true&#8220; animation_style=&#8220;zoom&#8220; animation_delay=&#8220;100ms&#8220; animation_intensity_zoom=&#8220;10%&#8220; header_font_size_tablet=&#8220;&#8220; header_font_size_phone=&#8220;&#8220; header_font_size_last_edited=&#8220;on|phone&#8220; header_line_height_tablet=&#8220;&#8220; header_line_height_phone=&#8220;0.9em&#8220; header_line_height_last_edited=&#8220;on|phone&#8220; header_text_shadow_style=&#8220;preset1&#8243; header_text_shadow_vertical_length=&#8220;0.18em&#8220; header_text_shadow_blur_strength=&#8220;0.27em&#8220; header_text_shadow_color=&#8220;rgba(0,0,0,0.38)&#8220;]<\/p>\n<h1>Kontaktieren Sie uns<\/h1>\n<p>[\/et_pb_text][\/et_pb_column][\/et_pb_row][\/et_pb_section][et_pb_section fb_built=&#8220;1&#8243; _builder_version=&#8220;4.5.7&#8243; _module_preset=&#8220;default&#8220;][et_pb_row column_structure=&#8220;1_2,1_2&#8243; _builder_version=&#8220;4.5.7&#8243; _module_preset=&#8220;default&#8220;][et_pb_column type=&#8220;1_2&#8243; _builder_version=&#8220;4.5.7&#8243; _module_preset=&#8220;default&#8220;][et_pb_text _builder_version=&#8220;4.5.7&#8243; text_font=&#8220;||||||||&#8220; text_line_height=&#8220;1.8em&#8220; header_font=&#8220;||||||||&#8220; custom_margin=&#8220;|0px||0px|false|false&#8220; custom_margin_tablet=&#8220;|0vw||0px&#8220; custom_margin_phone=&#8220;&#8220; custom_margin_last_edited=&#8220;on|desktop&#8220; animation_style=&#8220;slide&#8220; animation_direction=&#8220;left&#8220; animation_intensity_slide=&#8220;10%&#8220; text_orientation_tablet=&#8220;&#8220; text_orientation_phone=&#8220;justified&#8220; text_orientation_last_edited=&#8220;on|phone&#8220; locked=&#8220;off&#8220;]<\/p>\n<p>Um ein Angebot zu erstellen und\/oder zu testen, ob es m\u00f6glich ist, Ihre Komponente zu beschichten, f\u00fcllen Sie bitte die Checkliste aus und wir werden uns so schnell wie m\u00f6glich mit Ihnen in Verbindung setzen.<\/p>\n<p>[\/et_pb_text][et_pb_text admin_label=&#8220;Title&#8220; _builder_version=&#8220;4.5.7&#8243; header_font=&#8220;||||||||&#8220; header_3_font=&#8220;Teko||||||||&#8220; header_3_font_size=&#8220;40px&#8220; header_3_line_height=&#8220;1.2em&#8220; custom_margin=&#8220;0px||15px||false|false&#8220; border_color_all=&#8220;rgba(51,51,51,0.12)&#8220; border_width_bottom=&#8220;1px&#8220; locked=&#8220;off&#8220;]<\/p>\n<h3 style=\"text-align: center;\">Machbarkeitspr\u00fcfung Checkliste<\/h3>\n<p>[\/et_pb_text][et_pb_image src=&#8220;https:\/\/siccast.de\/wp-content\/uploads\/2021\/01\/Check.png&#8220; alt=&#8220;Checklist&#8220; title_text=&#8220;Check&#8220; url=&#8220;@ET-DC@eyJkeW5hbWljIjp0cnVlLCJjb250ZW50IjoicG9zdF9saW5rX3VybF90b3Jyb19mb3JtIiwic2V0dGluZ3MiOnsicG9zdF9pZCI6IjcyMiJ9fQ==@&#8220; align=&#8220;center&#8220; _builder_version=&#8220;4.5.7&#8243; _dynamic_attributes=&#8220;url&#8220; locked=&#8220;off&#8220;][\/et_pb_image][\/et_pb_column][et_pb_column type=&#8220;1_2&#8243; _builder_version=&#8220;4.5.7&#8243; _module_preset=&#8220;default&#8220;][et_pb_text _builder_version=&#8220;4.5.7&#8243; text_font=&#8220;||||||||&#8220; text_line_height=&#8220;1.8em&#8220; header_font=&#8220;||||||||&#8220; custom_margin=&#8220;|0px|-1px|77px|false|false&#8220; custom_margin_tablet=&#8220;|0vw||0px&#8220; custom_margin_phone=&#8220;&#8220; custom_margin_last_edited=&#8220;on|desktop&#8220; animation_style=&#8220;slide&#8220; animation_direction=&#8220;left&#8220; animation_intensity_slide=&#8220;10%&#8220; text_orientation_tablet=&#8220;&#8220; text_orientation_phone=&#8220;center&#8220; text_orientation_last_edited=&#8220;on|desktop&#8220; locked=&#8220;off&#8220;]Bei Fragen k\u00f6nnen Sie sich gerne an uns wenden![\/et_pb_text][et_pb_accordion open_toggle_background_color=&#8220;#ffffff&#8220; closed_toggle_background_color=&#8220;#ffffff&#8220; _builder_version=&#8220;4.9.2&#8243; toggle_font=&#8220;Lato|700||on|||||&#8220; text_orientation=&#8220;left&#8220; width=&#8220;70%&#8220; width_tablet=&#8220;&#8220; width_phone=&#8220;100%&#8220; width_last_edited=&#8220;on|phone&#8220; module_alignment=&#8220;center&#8220; custom_margin=&#8220;-45px|||20px|false|false&#8220; custom_padding=&#8220;||||false|false&#8220; global_module=&#8220;6819&#8243; saved_tabs=&#8220;all&#8220;][et_pb_accordion_item open=&#8220;on&#8220; open_toggle_background_color=&#8220;rgba(0,0,0,0)&#8220; closed_toggle_text_color=&#8220;rgba(0,0,0,0)&#8220; closed_toggle_background_color=&#8220;rgba(0,0,0,0)&#8220; icon_color=&#8220;rgba(0,0,0,0)&#8220; _builder_version=&#8220;4.5.7&#8243; border_width_all=&#8220;0px&#8220; closed_toggle_font_size=&#8220;16px&#8220;]<\/p>\n<p style=\"text-align: center;\"><a href=\"mailto:sales@SICcast.com?subject=Email an Lars Kuypers von Webseite\"><\/a><\/p>\n<p>[\/et_pb_accordion_item][et_pb_accordion_item title=&#8220;Sales\/Vertrieb&#8220; icon_color=&#8220;#C10F1B&#8220; use_icon_font_size=&#8220;on&#8220; icon_font_size=&#8220;22px&#8220; _builder_version=&#8220;4.9.2&#8243; open=&#8220;off&#8220;]<\/p>\n<h2>Nicholas Schmitz<\/h2>\n<p>T.: +49 2302 969 206<\/p>\n<p><a href=\"mailto:sales@SICcast.com?subject=Email an Nicholas Schmitz von Webseite\">Nachricht senden<\/a><\/p>\n<h2>Lars Kuypers<\/h2>\n<p>T.: +49 2302 969 203<\/p>\n<p><a href=\"mailto:sales@SICcast.com?subject=Email an Lars Kuypers von Webseite\">Nachricht senden<\/a><\/p>\n<p>[\/et_pb_accordion_item][et_pb_accordion_item title=&#8220;Engineering, QM, Einkauf&#8220; icon_color=&#8220;#C10F1B&#8220; use_icon_font_size=&#8220;on&#8220; icon_font_size=&#8220;22px&#8220; _builder_version=&#8220;4.9.2&#8243; open=&#8220;off&#8220;]<\/p>\n<h2>Markus H\u00f6lter<\/h2>\n<p>T.: +49 2302 969 202<\/p>\n<p><a href=\"mailto:zo@SICcast.com?subject=Email an Markus H\u00f6lter von Webseite\">Nachricht senden<\/a><\/p>\n<h2>Christian Vogler<\/h2>\n<p>T.: +49 2302 969 207<\/p>\n<p><a href=\"mailto:zo@SICcast.com?subject=Email an Christian Vogler von Webseite\">Nachricht senden<\/a><\/p>\n<h2>Lars Klancicar<\/h2>\n<p>T.: +49 2302 969 204<\/p>\n<p><a href=\"mailto:zo@SICcast.com?subject=Email an Lars Klancicar von Webseite\">Nachricht senden<\/a><\/p>\n<p>[\/et_pb_accordion_item][et_pb_accordion_item title=&#8220;Produktionsleiter&#8220; icon_color=&#8220;#C10F1B&#8220; use_icon_font_size=&#8220;on&#8220; icon_font_size=&#8220;22px&#8220; _builder_version=&#8220;4.9.2&#8243; open=&#8220;off&#8220;]<\/p>\n<h2>Sven Kruber<\/h2>\n<p>T.: +49 2302 969 205<\/p>\n<p><a href=\"mailto:sven.kruber@SICcast.com?subject=Email an Sven Kruber von Webseite\">Nachricht senden<\/a><\/p>\n<p>[\/et_pb_accordion_item][et_pb_accordion_item title=&#8220;Betriebsleitung&#8220; icon_color=&#8220;#C10F1B&#8220; use_icon_font_size=&#8220;on&#8220; icon_font_size=&#8220;22px&#8220; _builder_version=&#8220;4.9.2&#8243; open=&#8220;off&#8220;]<\/p>\n<h2>Marc Wiedemann<\/h2>\n<p>T.: +49 2302 969 201<\/p>\n<p><a href=\"mailto:marc.wiedemann@SICcast.com?subject=Email an Marc Wiedemann von Webseite\">Nachricht senden<\/a><\/p>\n<p>[\/et_pb_accordion_item][et_pb_accordion_item title=&#8220;Gesch\u00e4ftsf\u00fchrung&#8220; icon_color=&#8220;#C10F1B&#8220; use_icon_font_size=&#8220;on&#8220; icon_font_size=&#8220;22px&#8220; _builder_version=&#8220;4.9.2&#8243; open=&#8220;off&#8220;]<\/p>\n<h2>Dr. Carsten D\u00fcchting<\/h2>\n<p>T.: +49 2302 969 200<\/p>\n<p><a href=\"mailto:info@SICcast.com?subject=Email an Dr. D\u00fcchting von Webseite\">Nachricht senden<\/a><\/p>\n<p>[\/et_pb_accordion_item][\/et_pb_accordion][\/et_pb_column][\/et_pb_row][\/et_pb_section][et_pb_section fb_built=&#8220;1&#8243; admin_label=&#8220;Contact Info&#8220; _builder_version=&#8220;4.5.7&#8243; use_background_color_gradient=&#8220;on&#8220; background_color_gradient_start=&#8220;rgba(27,31,37,0.3)&#8220; background_color_gradient_end=&#8220;#1b1f25&#8243; background_color_gradient_overlays_image=&#8220;on&#8220; background_image=&#8220;https:\/\/siccast.de\/wp-content\/uploads\/2020\/04\/exhibition-impeller-scaled.jpg&#8220; background_position=&#8220;center_left&#8220; custom_padding=&#8220;0px||10vw|&#8220; bottom_divider_style=&#8220;arrow&#8220; bottom_divider_color=&#8220;#000000&#8243; box_shadow_style=&#8220;preset7&#8243; box_shadow_horizontal=&#8220;0px&#8220; box_shadow_vertical=&#8220;100px&#8220; box_shadow_color=&#8220;#ffffff&#8220;][et_pb_row column_structure=&#8220;1_2,1_2&#8243; padding_left_right_link_1=&#8220;true&#8220; _builder_version=&#8220;4.5.7&#8243; custom_padding=&#8220;0px||0px||true&#8220; animation_style=&#8220;slide&#8220; animation_direction=&#8220;bottom&#8220; animation_intensity_slide=&#8220;2%&#8220;][et_pb_column type=&#8220;1_2&#8243; _builder_version=&#8220;4.5.7&#8243; use_background_color_gradient=&#8220;on&#8220; background_color_gradient_start=&#8220;#c10f1b&#8220; background_color_gradient_end=&#8220;rgba(255,255,255,0)&#8220; background_color_gradient_direction=&#8220;190deg&#8220; background_color_gradient_start_position=&#8220;85%&#8220; background_color_gradient_end_position=&#8220;0%&#8220; custom_padding=&#8220;60px|5%|180px|5%&#8220; custom_padding_tablet=&#8220;|10%||10%||true&#8220; custom_padding_phone=&#8220;&#8220; custom_padding_last_edited=&#8220;on|tablet&#8220; padding_tablet=&#8220;|10%||10%||true&#8220; padding_last_edited=&#8220;on|tablet&#8220; custom_padding__hover=&#8220;|||&#8220;][et_pb_blurb title=&#8220;Adresse&#8220; use_icon=&#8220;on&#8220; font_icon=&#8220;%%249%%&#8220; icon_color=&#8220;#ffffff&#8220; icon_placement=&#8220;left&#8220; use_icon_font_size=&#8220;on&#8220; icon_font_size=&#8220;28px&#8220; _builder_version=&#8220;4.5.7&#8243; header_font=&#8220;Teko|500|||||||&#8220; header_font_size=&#8220;28px&#8220; header_line_height=&#8220;1.2em&#8220; body_font=&#8220;Lato||||||||&#8220; body_text_color=&#8220;#000000&#8243; body_font_size=&#8220;18px&#8220; body_line_height=&#8220;1.8em&#8220; background_layout=&#8220;dark&#8220; animation_style=&#8220;zoom&#8220; animation_direction=&#8220;left&#8220; animation_intensity_zoom=&#8220;12%&#8220;]<\/p>\n<p>Wilhelm-D\u00fcchting-Stra\u00dfe 22<br \/> 58453 Witten\/Germany<\/p>\n<p>[\/et_pb_blurb][et_pb_blurb title=&#8220;Telefon&#8220; use_icon=&#8220;on&#8220; font_icon=&#8220;%%264%%&#8220; icon_color=&#8220;#ffffff&#8220; icon_placement=&#8220;left&#8220; use_icon_font_size=&#8220;on&#8220; icon_font_size=&#8220;28px&#8220; _builder_version=&#8220;4.5.7&#8243; header_font=&#8220;Teko|500|||||||&#8220; header_font_size=&#8220;28px&#8220; header_line_height=&#8220;1.2em&#8220; body_font=&#8220;Lato||||||||&#8220; body_text_color=&#8220;#000000&#8243; body_font_size=&#8220;18px&#8220; body_line_height=&#8220;1.8em&#8220; background_layout=&#8220;dark&#8220; animation_style=&#8220;zoom&#8220; animation_direction=&#8220;left&#8220; animation_delay=&#8220;100ms&#8220; animation_intensity_zoom=&#8220;12%&#8220;]+49 2302 969 200[\/et_pb_blurb][et_pb_blurb title=&#8220;Email&#8220; use_icon=&#8220;on&#8220; font_icon=&#8220;%%238%%&#8220; icon_color=&#8220;#ffffff&#8220; icon_placement=&#8220;left&#8220; use_icon_font_size=&#8220;on&#8220; icon_font_size=&#8220;28px&#8220; _builder_version=&#8220;4.5.7&#8243; header_font=&#8220;Teko|500|||||||&#8220; header_font_size=&#8220;28px&#8220; header_line_height=&#8220;1.2em&#8220; body_font=&#8220;Lato||||||||&#8220; body_text_color=&#8220;#000000&#8243; body_font_size=&#8220;18px&#8220; body_line_height=&#8220;1.8em&#8220; background_layout=&#8220;dark&#8220; animation_style=&#8220;zoom&#8220; animation_direction=&#8220;left&#8220; animation_delay=&#8220;200ms&#8220; animation_intensity_zoom=&#8220;12%&#8220;]<\/p>\n<p><a href=\"mailto:info@SICcast.com\"><span style=\"text-decoration: underline;\"><span style=\"color: #000000; text-decoration: underline;\">info@SICcast.com<\/span><\/span><\/a><\/p>\n<p>[\/et_pb_blurb][et_pb_blurb title=&#8220;\u00d6ffnungszeiten&#8220; use_icon=&#8220;on&#8220; font_icon=&#8220;%%227%%&#8220; icon_color=&#8220;#ffffff&#8220; icon_placement=&#8220;left&#8220; use_icon_font_size=&#8220;on&#8220; icon_font_size=&#8220;28px&#8220; _builder_version=&#8220;4.5.7&#8243; header_font=&#8220;Teko|500|||||||&#8220; header_font_size=&#8220;28px&#8220; header_line_height=&#8220;1.2em&#8220; body_font=&#8220;Arial||||||||&#8220; body_text_color=&#8220;#000000&#8243; body_font_size=&#8220;18px&#8220; body_line_height=&#8220;1.8em&#8220; background_layout=&#8220;dark&#8220; animation_style=&#8220;zoom&#8220; animation_direction=&#8220;left&#8220; animation_delay=&#8220;300ms&#8220; animation_intensity_zoom=&#8220;12%&#8220;]<\/p>\n<p><strong>Verwaltung:<\/strong><br \/> <strong>Montag &#8211; Freitag: <\/strong>8:00 &#8211; 17:00<\/p>\n<p><strong>Betrieb:<\/strong><br \/> <strong>Montag &#8211; Freitag: <\/strong>6:00 &#8211; 14:00<\/p>\n<p>[\/et_pb_blurb][\/et_pb_column][et_pb_column type=&#8220;1_2&#8243; _builder_version=&#8220;3.25&#8243; custom_padding=&#8220;180px|||&#8220; custom_padding_tablet=&#8220;0px|||&#8220; custom_padding_phone=&#8220;&#8220; custom_padding_last_edited=&#8220;on|desktop&#8220; padding_tablet=&#8220;0px|||&#8220; padding_last_edited=&#8220;on|desktop&#8220; custom_padding__hover=&#8220;|||&#8220;][et_pb_contact_form use_spam_service=&#8220;on&#8220; recaptcha_list=&#8220;SICcast v3|SICcast v3-0&#8243; email=&#8220;marketing@duechting.com&#8220; title=&#8220;Kontaktieren Sie uns!&#8220; custom_message=&#8220;Nachricht \u00fcber Kontakt||et_pb_line_break_holder||Name: %%Name%%||et_pb_line_break_holder||Email: %%Email%%||et_pb_line_break_holder||||et_pb_line_break_holder||Nachricht: ||et_pb_line_break_holder||%%Message%%&#8220; success_message=&#8220;Vielen Dank f\u00fcr Ihre Nachricht. Wir melden uns bei Ihnen!&#8220; submit_button_text=&#8220;Nachricht senden&#8220; module_id=&#8220;et_pb_contact_form_contact_de&#8220; _builder_version=&#8220;4.9.2&#8243; form_field_background_color=&#8220;rgba(0,0,0,0.15)&#8220; form_field_text_color=&#8220;#ffffff&#8220; title_font=&#8220;Teko||||||||&#8220; title_text_color=&#8220;#ffffff&#8220; title_font_size=&#8220;40px&#8220; title_line_height=&#8220;1.2em&#8220; form_field_font=&#8220;Lato||||||||&#8220; form_field_font_size=&#8220;16px&#8220; background_color=&#8220;rgba(2,2,2,0.71)&#8220; custom_button=&#8220;on&#8220; button_text_color=&#8220;#c10f1b&#8220; button_bg_color=&#8220;#ffffff&#8220; button_border_width=&#8220;0px&#8220; button_border_color=&#8220;rgba(0,0,0,0)&#8220; button_border_radius=&#8220;0px&#8220; button_letter_spacing=&#8220;4px&#8220; button_font=&#8220;Teko|||on|||||&#8220; button_use_icon=&#8220;off&#8220; button_custom_padding=&#8220;13px|20px|13px|20px|true|true&#8220; custom_margin=&#8220;||||false|false&#8220; custom_padding=&#8220;20px|20px|20px|20px|true|true&#8220; hover_enabled=&#8220;0&#8243; form_background_color=&#8220;rgba(0,0,0,0.15)&#8220; locked=&#8220;off&#8220; button_bg_color__hover_enabled=&#8220;on|hover&#8220; button_bg_color__hover=&#8220;#c10f1b&#8220; button_bg_enable_color__hover=&#8220;on&#8220; button_border_color__hover_enabled=&#8220;on|hover&#8220; button_border_color__hover=&#8220;rgba(0,0,0,0)&#8220; button_text_color__hover_enabled=&#8220;on|hover&#8220; button_text_color__hover=&#8220;#ffffff&#8220; sticky_enabled=&#8220;0&#8243;][et_pb_contact_field field_id=&#8220;Name&#8220; field_title=&#8220;Name&#8220; fullwidth_field=&#8220;on&#8220; _builder_version=&#8220;4.5.2&#8243; form_field_background_color=&#8220;rgba(255,255,255,0.13)&#8220; form_field_text_color=&#8220;#ffffff&#8220; form_field_focus_text_color=&#8220;#ffffff&#8220; button_text_size__hover_enabled=&#8220;off&#8220; button_one_text_size__hover_enabled=&#8220;off&#8220; button_two_text_size__hover_enabled=&#8220;off&#8220; button_text_color__hover_enabled=&#8220;off&#8220; button_one_text_color__hover_enabled=&#8220;off&#8220; button_two_text_color__hover_enabled=&#8220;off&#8220; button_border_width__hover_enabled=&#8220;off&#8220; button_one_border_width__hover_enabled=&#8220;off&#8220; button_two_border_width__hover_enabled=&#8220;off&#8220; button_border_color__hover_enabled=&#8220;off&#8220; button_one_border_color__hover_enabled=&#8220;off&#8220; button_two_border_color__hover_enabled=&#8220;off&#8220; button_border_radius__hover_enabled=&#8220;off&#8220; button_one_border_radius__hover_enabled=&#8220;off&#8220; button_two_border_radius__hover_enabled=&#8220;off&#8220; button_letter_spacing__hover_enabled=&#8220;off&#8220; button_one_letter_spacing__hover_enabled=&#8220;off&#8220; button_two_letter_spacing__hover_enabled=&#8220;off&#8220; button_bg_color__hover_enabled=&#8220;off&#8220; button_one_bg_color__hover_enabled=&#8220;off&#8220; button_two_bg_color__hover_enabled=&#8220;off&#8220;][\/et_pb_contact_field][et_pb_contact_field field_id=&#8220;Email&#8220; field_title=&#8220;Email Address&#8220; field_type=&#8220;email&#8220; fullwidth_field=&#8220;on&#8220; _builder_version=&#8220;4.5.2&#8243; form_field_background_color=&#8220;rgba(255,255,255,0.13)&#8220; form_field_text_color=&#8220;#ffffff&#8220; form_field_focus_text_color=&#8220;#ffffff&#8220; button_text_size__hover_enabled=&#8220;off&#8220; button_one_text_size__hover_enabled=&#8220;off&#8220; button_two_text_size__hover_enabled=&#8220;off&#8220; button_text_color__hover_enabled=&#8220;off&#8220; button_one_text_color__hover_enabled=&#8220;off&#8220; button_two_text_color__hover_enabled=&#8220;off&#8220; button_border_width__hover_enabled=&#8220;off&#8220; button_one_border_width__hover_enabled=&#8220;off&#8220; button_two_border_width__hover_enabled=&#8220;off&#8220; button_border_color__hover_enabled=&#8220;off&#8220; button_one_border_color__hover_enabled=&#8220;off&#8220; button_two_border_color__hover_enabled=&#8220;off&#8220; button_border_radius__hover_enabled=&#8220;off&#8220; button_one_border_radius__hover_enabled=&#8220;off&#8220; button_two_border_radius__hover_enabled=&#8220;off&#8220; button_letter_spacing__hover_enabled=&#8220;off&#8220; button_one_letter_spacing__hover_enabled=&#8220;off&#8220; button_two_letter_spacing__hover_enabled=&#8220;off&#8220; button_bg_color__hover_enabled=&#8220;off&#8220; button_one_bg_color__hover_enabled=&#8220;off&#8220; button_two_bg_color__hover_enabled=&#8220;off&#8220;][\/et_pb_contact_field][et_pb_contact_field field_id=&#8220;Message&#8220; field_title=&#8220;Message&#8220; field_type=&#8220;text&#8220; fullwidth_field=&#8220;on&#8220; _builder_version=&#8220;4.5.2&#8243; form_field_background_color=&#8220;rgba(255,255,255,0.13)&#8220; form_field_text_color=&#8220;#ffffff&#8220; form_field_focus_text_color=&#8220;#ffffff&#8220; button_text_size__hover_enabled=&#8220;off&#8220; button_one_text_size__hover_enabled=&#8220;off&#8220; button_two_text_size__hover_enabled=&#8220;off&#8220; button_text_color__hover_enabled=&#8220;off&#8220; button_one_text_color__hover_enabled=&#8220;off&#8220; button_two_text_color__hover_enabled=&#8220;off&#8220; button_border_width__hover_enabled=&#8220;off&#8220; button_one_border_width__hover_enabled=&#8220;off&#8220; button_two_border_width__hover_enabled=&#8220;off&#8220; button_border_color__hover_enabled=&#8220;off&#8220; button_one_border_color__hover_enabled=&#8220;off&#8220; button_two_border_color__hover_enabled=&#8220;off&#8220; button_border_radius__hover_enabled=&#8220;off&#8220; button_one_border_radius__hover_enabled=&#8220;off&#8220; button_two_border_radius__hover_enabled=&#8220;off&#8220; button_letter_spacing__hover_enabled=&#8220;off&#8220; button_one_letter_spacing__hover_enabled=&#8220;off&#8220; button_two_letter_spacing__hover_enabled=&#8220;off&#8220; button_bg_color__hover_enabled=&#8220;off&#8220; button_one_bg_color__hover_enabled=&#8220;off&#8220; button_two_bg_color__hover_enabled=&#8220;off&#8220;][\/et_pb_contact_field][\/et_pb_contact_form][\/et_pb_column][\/et_pb_row][\/et_pb_section]<\/p>\n","protected":false},"excerpt":{"rendered":"<p>Haben Sie ein Verschlei\u00dfproblem?Kontaktieren Sie unsUm ein Angebot zu erstellen und\/oder zu testen, ob es m\u00f6glich ist, Ihre Komponente zu beschichten, f\u00fcllen Sie bitte die Checkliste aus und wir werden uns so schnell wie m\u00f6glich mit Ihnen in Verbindung setzen.Machbarkeitspr\u00fcfung ChecklisteBei Fragen k\u00f6nnen Sie sich gerne an uns wenden!Nicholas Schmitz T.: +49 2302 969 206 [&hellip;]<\/p>\n","protected":false},"author":3,"featured_media":0,"parent":0,"menu_order":0,"comment_status":"closed","ping_status":"closed","template":"","meta":{"_et_pb_use_builder":"on","_et_pb_old_content":"","_et_gb_content_width":"","footnotes":""},"class_list":["post-6579","page","type-page","status-publish","hentry"],"_links":{"self":[{"href":"https:\/\/siccast.de\/de\/wp-json\/wp\/v2\/pages\/6579","targetHints":{"allow":["GET"]}}],"collection":[{"href":"https:\/\/siccast.de\/de\/wp-json\/wp\/v2\/pages"}],"about":[{"href":"https:\/\/siccast.de\/de\/wp-json\/wp\/v2\/types\/page"}],"author":[{"embeddable":true,"href":"https:\/\/siccast.de\/de\/wp-json\/wp\/v2\/users\/3"}],"replies":[{"embeddable":true,"href":"https:\/\/siccast.de\/de\/wp-json\/wp\/v2\/comments?post=6579"}],"version-history":[{"count":19,"href":"https:\/\/siccast.de\/de\/wp-json\/wp\/v2\/pages\/6579\/revisions"}],"predecessor-version":[{"id":8013,"href":"https:\/\/siccast.de\/de\/wp-json\/wp\/v2\/pages\/6579\/revisions\/8013"}],"wp:attachment":[{"href":"https:\/\/siccast.de\/de\/wp-json\/wp\/v2\/media?parent=6579"}],"curies":[{"name":"wp","href":"https:\/\/api.w.org\/{rel}","templated":true}]}}