{"id":1216,"date":"2020-08-24T14:54:53","date_gmt":"2020-08-24T12:54:53","guid":{"rendered":"https:\/\/siccast.de\/?page_id=1216"},"modified":"2021-03-18T15:36:03","modified_gmt":"2021-03-18T14:36:03","slug":"karriere","status":"publish","type":"page","link":"https:\/\/siccast.de\/de\/karriere\/","title":{"rendered":"Karriere"},"content":{"rendered":"<p>[et_pb_section fb_built=&#8220;1&#8243; prev_background_color=&#8220;#ffffff&#8220; admin_label=&#8220;Resources&#8220; _builder_version=&#8220;4.5.7&#8243; use_background_color_gradient=&#8220;on&#8220; background_color_gradient_start=&#8220;rgba(27,31,37,0.6)&#8220; background_color_gradient_end=&#8220;#1b1f25&#8243; background_color_gradient_overlays_image=&#8220;on&#8220; background_image=&#8220;https:\/\/siccast.de\/wp-content\/uploads\/2020\/06\/web_R\u00fchrfl\u00fcgel_P1030346.jpg&#8220; background_position=&#8220;top_center&#8220; custom_padding=&#8220;150px||80px||false|false&#8220; top_divider_style=&#8220;arrow&#8220; top_divider_height_tablet=&#8220;&#8220; top_divider_height_phone=&#8220;50px&#8220; top_divider_height_last_edited=&#8220;on|phone&#8220;][et_pb_row _builder_version=&#8220;4.4.1&#8243; module_alignment=&#8220;center&#8220; custom_padding=&#8220;||30px||false|false&#8220; custom_width_px=&#8220;700px&#8220;][et_pb_column type=&#8220;4_4&#8243; _builder_version=&#8220;3.25&#8243; custom_padding=&#8220;|||&#8220; custom_padding__hover=&#8220;|||&#8220;][et_pb_text _builder_version=&#8220;4.5.7&#8243; text_font=&#8220;Lato||||||||&#8220; text_font_size=&#8220;20px&#8220; text_line_height=&#8220;1.8em&#8220; ul_font=&#8220;||||||||&#8220; ol_font=&#8220;||||||||&#8220; header_font=&#8220;||||||||&#8220; header_2_font=&#8220;Teko||||||||&#8220; header_2_font_size=&#8220;96px&#8220; header_3_font=&#8220;||||||||&#8220; header_4_font=&#8220;||||||||&#8220; header_5_font=&#8220;||||||||&#8220; header_6_font=&#8220;||||||||&#8220; text_orientation=&#8220;center&#8220; background_layout=&#8220;dark&#8220; max_width=&#8220;700px&#8220; module_alignment=&#8220;center&#8220; custom_margin=&#8220;||0px|&#8220; header_2_font_size_tablet=&#8220;66px&#8220; header_2_font_size_phone=&#8220;13vw&#8220; header_2_font_size_last_edited=&#8220;on|phone&#8220;]<\/p>\n<h2>KARRIERE BEI SICcast<\/h2>\n<p>[\/et_pb_text][et_pb_text _builder_version=&#8220;4.5.7&#8243; header_4_font=&#8220;Teko||||||||&#8220; header_4_text_align=&#8220;justify&#8220; header_4_text_color=&#8220;#ffffff&#8220; header_4_font_size=&#8220;30px&#8220;]<\/p>\n<h4 style=\"text-align: center;\">Hier finden Sie aktuell vakante Stellen. <\/h4>\n<p>[\/et_pb_text][\/et_pb_column][\/et_pb_row][\/et_pb_section][et_pb_section fb_built=&#8220;1&#8243; _builder_version=&#8220;4.4.1&#8243;][et_pb_row _builder_version=&#8220;4.5.7&#8243; _module_preset=&#8220;default&#8220;][et_pb_column type=&#8220;4_4&#8243; _builder_version=&#8220;4.5.7&#8243; _module_preset=&#8220;default&#8220;][et_pb_text ul_type=&#8220;square&#8220; ul_item_indent=&#8220;-1px&#8220; _builder_version=&#8220;4.9.0&#8243; _module_preset=&#8220;default&#8220; hover_enabled=&#8220;0&#8243; text_orientation_tablet=&#8220;&#8220; text_orientation_phone=&#8220;justified&#8220; text_orientation_last_edited=&#8220;on|phone&#8220; sticky_enabled=&#8220;0&#8243;]<\/p>\n<p>SICcast ist ein familiengef\u00fchrtes Unternehmen in 3. Generation mit flachen Hierarchien. Wir bieten abwechslungsreiche T\u00e4tigkeiten in einem innovativen<br \/> Industrieunternehmen.<\/p>\n<p>Wir bei SICcast berufen uns auf eine nachhaltige Unternehmenspolitik, Effizienz, Zuverl\u00e4ssigkeit, Innovation und kundenorientierten Service.<\/p>\n<p>[\/et_pb_text][\/et_pb_column][\/et_pb_row][et_pb_row column_structure=&#8220;3_4,1_4&#8243; _builder_version=&#8220;4.5.7&#8243; _module_preset=&#8220;default&#8220;][et_pb_column type=&#8220;3_4&#8243; _builder_version=&#8220;4.5.7&#8243; _module_preset=&#8220;default&#8220;][et_pb_cta title=&#8220;Derzeit keine offenen Stellen.&#8220; button_text=&#8220;Klicksdddd&#8220; _builder_version=&#8220;4.5.7&#8243; _module_preset=&#8220;default&#8220; header_font=&#8220;Teko||||||||&#8220; header_font_size=&#8220;40px&#8220; body_font_size=&#8220;15px&#8220; background_color=&#8220;#c10f1b&#8220;]Wir freuen uns jederzeit \u00fcber Initiativ-Bewerbungen.[\/et_pb_cta][\/et_pb_column][et_pb_column type=&#8220;1_4&#8243; _builder_version=&#8220;4.5.7&#8243; _module_preset=&#8220;default&#8220;][et_pb_button button_url=&#8220;mailto:bewerbung@siccast.de&#8220; button_text=&#8220;BEWERBEN&#8220; button_alignment=&#8220;center&#8220; _builder_version=&#8220;4.5.7&#8243; _module_preset=&#8220;default&#8220; custom_margin=&#8220;55px||||false|false&#8220;][\/et_pb_button][\/et_pb_column][\/et_pb_row][et_pb_row column_structure=&#8220;3_4,1_4&#8243; disabled_on=&#8220;on|on|on&#8220; _builder_version=&#8220;3.25&#8243; _module_preset=&#8220;default&#8220; custom_padding=&#8220;27px|0px|0|0px|false|false&#8220; disabled=&#8220;on&#8220;][et_pb_column type=&#8220;3_4&#8243; _builder_version=&#8220;3.25&#8243; _module_preset=&#8220;default&#8220; custom_padding=&#8220;|||&#8220; custom_padding__hover=&#8220;|||&#8220;][et_pb_blurb title=&#8220;Gie\u00dfereimitarbeiter (m\/w\/d)&#8220; use_icon=&#8220;on&#8220; font_icon=&#8220;%%59%%&#8220; icon_color=&#8220;#c10f1b&#8220; icon_placement=&#8220;left&#8220; content_max_width=&#8220;1100px&#8220; use_icon_font_size=&#8220;on&#8220; icon_font_size=&#8220;32px&#8220; _builder_version=&#8220;4.5.7&#8243; _module_preset=&#8220;2eaac1ad-e9ea-4fe0-a6b6-ac042ec8ca6f&#8220; header_font=&#8220;||||||||&#8220; header_font_size=&#8220;24px&#8220; header_line_height=&#8220;1.3em&#8220; body_font=&#8220;||||||||&#8220; body_line_height=&#8220;1.8em&#8220; background_color=&#8220;#f4f4f4&#8243; custom_margin=&#8220;||0px&#8220; custom_padding=&#8220;30px|30px|30px|30px|true|true&#8220; animation_style=&#8220;fade&#8220; animation_direction=&#8220;left&#8220; animation=&#8220;off&#8220; locked=&#8220;off&#8220; border_radii__hover=&#8220;on||||&#8220; border_radii__hover_enabled=&#8220;on||||&#8220;]<\/p>\n<div class=\"row-fluid\">\n<div class=\"span12\">\n<div class=\"row-fluid\">\n<div class=\"span12\">\n<p>Zur Erweiterung unserer Gie\u00dfereiabteilung suchen wir <strong>ab sofort<\/strong> eine\/n Gie\u00dfereimitarbeiter (m\/w\/d) zur Montage und Demontage von Stahl- und Kunststoffformen.<\/p>\n<\/div>\n<\/div>\n<\/div>\n<\/div>\n<p>[\/et_pb_blurb][et_pb_toggle title=&#8220;mehr lesen&#8220; icon_color=&#8220;#c10f1b&#8220; use_icon_font_size=&#8220;on&#8220; icon_font_size=&#8220;25px&#8220; _builder_version=&#8220;4.5.7&#8243; _module_preset=&#8220;8315d708-8ca4-4540-885e-a71de6d7a8d5&#8243; title_font=&#8220;||||||||&#8220; title_text_align=&#8220;right&#8220; body_font=&#8220;||||||||&#8220; body_ul_item_indent=&#8220;30px&#8220; body_ul_font=&#8220;||||||||&#8220; text_orientation=&#8220;left&#8220; border_width_all=&#8220;0px&#8220;]<\/p>\n<p><span style=\"color: #c10f1b;\"><strong>Wir suchen:<\/strong><\/span><br \/> *** GIESSEREIMITARBEITER (m\/w\/d) ***<\/p>\n<p><span style=\"color: #c10f1b;\"><strong>Aufgabenbereich:<\/strong><\/span><\/p>\n<ul>\n<li>Montage und Demontage von Stahl- und<br \/> Kunststoffformen<\/li>\n<li>Bedienung und Wartung der Gie\u00dfanlage<\/li>\n<li>Putzen der Bauteile durch schleifen und spachteln<\/li>\n<\/ul>\n<p><span style=\"color: #c10f1b;\"><strong>Anforderungsprofil:<\/strong><\/span><\/p>\n<ul>\n<li>Berufserfahrung als Industriemechaniker oder Gie\u00dfereimechaniker<\/li>\n<li>Erfahrung als Modellbauer sind f\u00fcr die Aufgabe g\u00fcnstig<\/li>\n<li>Die Stelle ist sehr abwechslungsreich und erfordert eine spezielle mehrw\u00f6chige Einarbeitung<\/li>\n<\/ul>\n<p><span style=\"color: #c10f1b;\"><strong>Wir sind\/bieten:<\/strong><\/span><\/p>\n<ul>\n<li>familiengef\u00fchrtes Unternehmen in 3. Generation mit flachen Hierarchien<\/li>\n<li>abwechslungsreiche T\u00e4tigkeit in einem innovativen<br \/> Industrieunternehmen<\/li>\n<li>eine umfangreiche Einarbeitung<\/li>\n<li>berufen uns auf nachhaltige Unternehmenspolitik, Effizienz, Zuverl\u00e4ssigkeit, Innovation und kundenorientierten Service<\/li>\n<\/ul>\n<p>Die Arbeit ist im Zweischichtbetrieb zu leisten. Das Arbeitsverh\u00e4ltnis ist vorerst auf ein Jahr befristet. Wir sind aber definitiv an einer langfristigen Bindung interessiert bzw. es wird ein Dauerarbeitsverh\u00e4ltnis angestrebt.<\/p>\n<p>Bei Interesse freuen wir uns auf Ihre Bewerbung.<\/p>\n<p>[\/et_pb_toggle][\/et_pb_column][et_pb_column type=&#8220;1_4&#8243; _builder_version=&#8220;3.25&#8243; _module_preset=&#8220;default&#8220; custom_padding=&#8220;|||&#8220; custom_padding__hover=&#8220;|||&#8220;][et_pb_button button_url=&#8220;mailto:bewerbung@siccast.de&#8220; button_text=&#8220;BEWERBEN&#8220; button_alignment=&#8220;center&#8220; _builder_version=&#8220;4.5.7&#8243; _module_preset=&#8220;default&#8220; custom_margin=&#8220;55px||||false|false&#8220;][\/et_pb_button][\/et_pb_column][\/et_pb_row][\/et_pb_section][et_pb_section fb_built=&#8220;1&#8243; make_equal=&#8220;on&#8220; use_custom_gutter=&#8220;on&#8220; gutter_width=&#8220;1&#8243; specialty=&#8220;on&#8220; background_color_2=&#8220;#20252b&#8220; padding_top_bottom_link_1=&#8220;true&#8220; padding_top_bottom_link_2=&#8220;true&#8220; padding_left_right_link_1=&#8220;false&#8220; padding_top_1=&#8220;150px&#8220; padding_top_2=&#8220;150px&#8220; padding_right_1=&#8220;60px&#8220; padding_right_2=&#8220;10%&#8220; padding_bottom_1=&#8220;150px&#8220; padding_bottom_2=&#8220;150px&#8220; padding_left_1=&#8220;10%&#8220; padding_left_2=&#8220;60px&#8220; padding_1_tablet=&#8220;|0%||0%||true&#8220; padding_2_tablet=&#8220;40px|10%|100px|10%||true&#8220; padding_1_phone=&#8220;|||30px|false|false&#8220; padding_2_phone=&#8220;&#8220; padding_1_last_edited=&#8220;on|desktop&#8220; padding_2_last_edited=&#8220;on|desktop&#8220; module_class=&#8220; et_pb_specialty_fullwidth&#8220; _builder_version=&#8220;4.5.7&#8243; background_color=&#8220;#000000&#8243; background_image=&#8220;https:\/\/siccast.de\/wp-content\/uploads\/2020\/04\/spektrum-wallpaper_schmal.jpg&#8220; background_size=&#8220;initial&#8220; background_position=&#8220;bottom_right&#8220; transform_translate_linked=&#8220;off&#8220; inner_width=&#8220;100%&#8220; inner_width_tablet=&#8220;100%&#8220; inner_width_phone=&#8220;&#8220; inner_width_last_edited=&#8220;on|desktop&#8220; inner_max_width=&#8220;100%&#8220; inner_max_width_tablet=&#8220;100%&#8220; inner_max_width_phone=&#8220;&#8220; inner_max_width_last_edited=&#8220;on|desktop&#8220; min_height=&#8220;920px&#8220; custom_padding=&#8220;0px||0px||true&#8220; bottom_divider_style=&#8220;arrow&#8220; bottom_divider_color=&#8220;#000000&#8243; bottom_divider_arrangement=&#8220;above_content&#8220; animation_style=&#8220;slide&#8220; animation_direction=&#8220;bottom&#8220; animation_intensity_slide=&#8220;4%&#8220; animation_starting_opacity=&#8220;100%&#8220; box_shadow_style=&#8220;preset7&#8243; box_shadow_horizontal=&#8220;0px&#8220; box_shadow_vertical=&#8220;80px&#8220; box_shadow_color=&#8220;#ffffff&#8220; make_fullwidth=&#8220;on&#8220; global_module=&#8220;1030&#8243; saved_tabs=&#8220;all&#8220;][et_pb_column type=&#8220;1_2&#8243; specialty_columns=&#8220;2&#8243; _builder_version=&#8220;3.25&#8243; custom_padding=&#8220;|||&#8220; padding_tablet=&#8220;|0%||0%||true&#8220; padding_last_edited=&#8220;on|desktop&#8220; custom_padding__hover=&#8220;|||&#8220;][et_pb_row_inner _builder_version=&#8220;3.25&#8243; custom_padding=&#8220;0|0px|0|0px|true|false&#8220;][et_pb_column_inner saved_specialty_column_type=&#8220;1_2&#8243; _builder_version=&#8220;3.25&#8243; custom_padding=&#8220;|||&#8220; custom_padding__hover=&#8220;|||&#8220;][et_pb_text admin_label=&#8220;Get In Touch Title&#8220; _builder_version=&#8220;3.27.4&#8243; text_font=&#8220;Lato||||||||&#8220; text_font_size=&#8220;22px&#8220; text_line_height=&#8220;1.8em&#8220; header_font=&#8220;||||||||&#8220; header_2_font=&#8220;Teko||||||||&#8220; header_2_font_size=&#8220;96px&#8220; background_layout=&#8220;dark&#8220; custom_margin=&#8220;|||&#8220; header_2_font_size_tablet=&#8220;66px&#8220; header_2_font_size_phone=&#8220;36px&#8220; header_2_font_size_last_edited=&#8220;on|phone&#8220; locked=&#8220;off&#8220;]<\/p>\n<h2>Kontakt<\/h2>\n<p>[\/et_pb_text][et_pb_text admin_label=&#8220;Phone&#8220; _builder_version=&#8220;4.5.7&#8243; text_font=&#8220;Teko|500|||||||&#8220; text_font_size=&#8220;37px&#8220; text_line_height=&#8220;2em&#8220; background_layout=&#8220;dark&#8220; custom_margin=&#8220;|||&#8220; text_font_size_tablet=&#8220;&#8220; text_font_size_phone=&#8220;34px&#8220; text_font_size_last_edited=&#8220;on|phone&#8220; locked=&#8220;off&#8220;]<\/p>\n<p>SICcast Mineralgu\u00df GmbH &amp; Co. KG<\/p>\n<p>[\/et_pb_text][\/et_pb_column_inner][\/et_pb_row_inner][et_pb_row_inner use_custom_gutter=&#8220;on&#8220; gutter_width=&#8220;2&#8243; _builder_version=&#8220;3.25&#8243; custom_padding=&#8220;3px|||||&#8220; locked=&#8220;off&#8220;][et_pb_column_inner saved_specialty_column_type=&#8220;1_2&#8243; _builder_version=&#8220;3.25&#8243; custom_padding=&#8220;|||&#8220; custom_padding__hover=&#8220;|||&#8220;][et_pb_blurb title=&#8220;Adresse&#8220; use_icon=&#8220;on&#8220; font_icon=&#8220;%%249%%&#8220; icon_color=&#8220;#ffffff&#8220; icon_placement=&#8220;left&#8220; use_icon_font_size=&#8220;on&#8220; icon_font_size=&#8220;28px&#8220; _builder_version=&#8220;4.5.7&#8243; header_font=&#8220;Teko|500|||||||&#8220; header_font_size=&#8220;28px&#8220; header_line_height=&#8220;1.2em&#8220; body_font=&#8220;Lato||||||||&#8220; body_font_size=&#8220;18px&#8220; body_line_height=&#8220;1.8em&#8220; background_layout=&#8220;dark&#8220; custom_margin=&#8220;||25px||false|false&#8220; animation_style=&#8220;zoom&#8220; animation_direction=&#8220;left&#8220; animation_intensity_zoom=&#8220;12%&#8220; locked=&#8220;off&#8220;]<\/p>\n<p>Wilhelm-D\u00fcchting-Stra\u00dfe 22<br \/> 58453 Witten\/Germany<\/p>\n<p>[\/et_pb_blurb][et_pb_blurb title=&#8220;Telefon&#8220; use_icon=&#8220;on&#8220; font_icon=&#8220;%%264%%&#8220; icon_color=&#8220;#ffffff&#8220; icon_placement=&#8220;left&#8220; use_icon_font_size=&#8220;on&#8220; icon_font_size=&#8220;28px&#8220; _builder_version=&#8220;4.5.7&#8243; header_font=&#8220;Teko|500|||||||&#8220; header_font_size=&#8220;28px&#8220; header_line_height=&#8220;1.2em&#8220; body_font=&#8220;Lato||||||||&#8220; body_font_size=&#8220;18px&#8220; body_line_height=&#8220;1.8em&#8220; background_layout=&#8220;dark&#8220; custom_margin=&#8220;||25px||false|false&#8220; animation_style=&#8220;zoom&#8220; animation_direction=&#8220;left&#8220; animation_delay=&#8220;100ms&#8220; animation_intensity_zoom=&#8220;12%&#8220; locked=&#8220;off&#8220;]+49 2302 969 200[\/et_pb_blurb][et_pb_blurb title=&#8220;Email&#8220; use_icon=&#8220;on&#8220; font_icon=&#8220;%%238%%&#8220; icon_color=&#8220;#ffffff&#8220; icon_placement=&#8220;left&#8220; use_icon_font_size=&#8220;on&#8220; icon_font_size=&#8220;28px&#8220; _builder_version=&#8220;4.5.7&#8243; header_font=&#8220;Teko|500|||||||&#8220; header_font_size=&#8220;28px&#8220; header_line_height=&#8220;1.2em&#8220; body_font=&#8220;Lato||||||||&#8220; body_font_size=&#8220;18px&#8220; body_line_height=&#8220;1.8em&#8220; background_layout=&#8220;dark&#8220; custom_margin=&#8220;||25px||false|false&#8220; animation_style=&#8220;zoom&#8220; animation_direction=&#8220;left&#8220; animation_delay=&#8220;200ms&#8220; animation_intensity_zoom=&#8220;12%&#8220; locked=&#8220;off&#8220;]<\/p>\n<p><a href=\"mailto:info@SICcast.com\">info@SICcast.com<\/a><\/p>\n<p>[\/et_pb_blurb][et_pb_blurb title=&#8220;\u00d6ffnungszeiten&#8220; use_icon=&#8220;on&#8220; font_icon=&#8220;%%227%%&#8220; icon_color=&#8220;#ffffff&#8220; icon_placement=&#8220;left&#8220; use_icon_font_size=&#8220;on&#8220; icon_font_size=&#8220;28px&#8220; _builder_version=&#8220;4.5.7&#8243; header_font=&#8220;Teko|500|||||||&#8220; header_font_size=&#8220;28px&#8220; header_line_height=&#8220;1.2em&#8220; body_font=&#8220;Lato||||||||&#8220; body_font_size=&#8220;18px&#8220; body_line_height=&#8220;1.8em&#8220; background_layout=&#8220;dark&#8220; animation_style=&#8220;zoom&#8220; animation_direction=&#8220;left&#8220; animation_delay=&#8220;300ms&#8220; animation_intensity_zoom=&#8220;12%&#8220; locked=&#8220;off&#8220;]<\/p>\n<p><strong>Verwaltung:<\/strong><br \/> <strong>Montag &#8211; Freitag: <\/strong>8:00 &#8211; 17:00<\/p>\n<p><strong>Betrieb:<\/strong><br \/> <strong>Montag &#8211; Freitag: <\/strong>6:00 &#8211; 14:00<\/p>\n<p>[\/et_pb_blurb][\/et_pb_column_inner][\/et_pb_row_inner][\/et_pb_column][et_pb_column type=&#8220;1_2&#8243; _builder_version=&#8220;3.25&#8243; background_color=&#8220;#c10f1b&#8220; custom_padding=&#8220;|||&#8220; padding_tablet=&#8220;40px|10%|100px|10%||true&#8220; padding_last_edited=&#8220;on|desktop&#8220; custom_padding__hover=&#8220;|||&#8220;][et_pb_contact_form use_spam_service=&#8220;on&#8220; recaptcha_list=&#8220;SICcast v3|SICcast v3-0&#8243; email=&#8220;marzena.zwinge@duechting.com&#8220; title=&#8220;Nachricht senden&#8220; custom_message=&#8220;Nachricht \u00fcber Footer||et_pb_line_break_holder||||et_pb_line_break_holder||Name: %%Name%%||et_pb_line_break_holder||Email: %%Email%%||et_pb_line_break_holder||||et_pb_line_break_holder||Nachricht: %%Message%%&#8220; success_message=&#8220;Vielen Dank f\u00fcr Ihre Nachricht! Wir melden uns bei Ihnen.&#8220; submit_button_text=&#8220;Nachricht senden&#8220; module_id=&#8220;et_pb_contact_form_footer_de&#8220; _builder_version=&#8220;4.5.7&#8243; form_field_background_color=&#8220;rgba(0,0,0,0.15)&#8220; form_field_text_color=&#8220;#ffffff&#8220; title_font=&#8220;Teko||||||||&#8220; title_text_color=&#8220;#ffffff&#8220; title_font_size=&#8220;40px&#8220; title_line_height=&#8220;1.2em&#8220; form_field_font=&#8220;Lato||||||||&#8220; form_field_font_size=&#8220;16px&#8220; custom_button=&#8220;on&#8220; button_text_color=&#8220;#c10f1b&#8220; button_bg_color=&#8220;#ffffff&#8220; button_border_width=&#8220;0px&#8220; button_border_color=&#8220;#ffffff&#8220; button_border_radius=&#8220;0px&#8220; button_letter_spacing=&#8220;4px&#8220; button_font=&#8220;Teko|||on|||||&#8220; button_use_icon=&#8220;off&#8220; button_custom_padding=&#8220;13px|20px|13px|20px|true|true&#8220; custom_margin=&#8220;||||false|false&#8220; custom_padding=&#8220;||25px||false|false&#8220; form_background_color=&#8220;rgba(0,0,0,0.15)&#8220; locked=&#8220;off&#8220; button_text_color__hover_enabled=&#8220;on|hover&#8220; button_text_color__hover=&#8220;#ffffff&#8220; button_bg_color__hover_enabled=&#8220;on|hover&#8220; button_bg_color__hover=&#8220;#c10f1b&#8220; button_bg_enable_color__hover=&#8220;on&#8220;][et_pb_contact_field field_id=&#8220;Name&#8220; field_title=&#8220;Name&#8220; fullwidth_field=&#8220;on&#8220; _builder_version=&#8220;4.5.2&#8243; form_field_background_color=&#8220;rgba(255,255,255,0.13)&#8220; form_field_text_color=&#8220;#ffffff&#8220; form_field_focus_text_color=&#8220;#ffffff&#8220; button_text_size__hover_enabled=&#8220;off&#8220; button_one_text_size__hover_enabled=&#8220;off&#8220; button_two_text_size__hover_enabled=&#8220;off&#8220; button_text_color__hover_enabled=&#8220;off&#8220; button_one_text_color__hover_enabled=&#8220;off&#8220; button_two_text_color__hover_enabled=&#8220;off&#8220; button_border_width__hover_enabled=&#8220;off&#8220; button_one_border_width__hover_enabled=&#8220;off&#8220; button_two_border_width__hover_enabled=&#8220;off&#8220; button_border_color__hover_enabled=&#8220;off&#8220; button_one_border_color__hover_enabled=&#8220;off&#8220; button_two_border_color__hover_enabled=&#8220;off&#8220; button_border_radius__hover_enabled=&#8220;off&#8220; button_one_border_radius__hover_enabled=&#8220;off&#8220; button_two_border_radius__hover_enabled=&#8220;off&#8220; button_letter_spacing__hover_enabled=&#8220;off&#8220; button_one_letter_spacing__hover_enabled=&#8220;off&#8220; button_two_letter_spacing__hover_enabled=&#8220;off&#8220; button_bg_color__hover_enabled=&#8220;off&#8220; button_one_bg_color__hover_enabled=&#8220;off&#8220; button_two_bg_color__hover_enabled=&#8220;off&#8220;][\/et_pb_contact_field][et_pb_contact_field field_id=&#8220;Email&#8220; field_title=&#8220;Email&#8220; field_type=&#8220;email&#8220; fullwidth_field=&#8220;on&#8220; _builder_version=&#8220;4.5.2&#8243; form_field_background_color=&#8220;rgba(255,255,255,0.13)&#8220; form_field_text_color=&#8220;#ffffff&#8220; form_field_focus_text_color=&#8220;#ffffff&#8220; button_text_size__hover_enabled=&#8220;off&#8220; button_one_text_size__hover_enabled=&#8220;off&#8220; button_two_text_size__hover_enabled=&#8220;off&#8220; button_text_color__hover_enabled=&#8220;off&#8220; button_one_text_color__hover_enabled=&#8220;off&#8220; button_two_text_color__hover_enabled=&#8220;off&#8220; button_border_width__hover_enabled=&#8220;off&#8220; button_one_border_width__hover_enabled=&#8220;off&#8220; button_two_border_width__hover_enabled=&#8220;off&#8220; button_border_color__hover_enabled=&#8220;off&#8220; button_one_border_color__hover_enabled=&#8220;off&#8220; button_two_border_color__hover_enabled=&#8220;off&#8220; button_border_radius__hover_enabled=&#8220;off&#8220; button_one_border_radius__hover_enabled=&#8220;off&#8220; button_two_border_radius__hover_enabled=&#8220;off&#8220; button_letter_spacing__hover_enabled=&#8220;off&#8220; button_one_letter_spacing__hover_enabled=&#8220;off&#8220; button_two_letter_spacing__hover_enabled=&#8220;off&#8220; button_bg_color__hover_enabled=&#8220;off&#8220; button_one_bg_color__hover_enabled=&#8220;off&#8220; button_two_bg_color__hover_enabled=&#8220;off&#8220;][\/et_pb_contact_field][et_pb_contact_field field_id=&#8220;Message&#8220; field_title=&#8220;Nachricht&#8220; field_type=&#8220;text&#8220; fullwidth_field=&#8220;on&#8220; _builder_version=&#8220;4.5.2&#8243; form_field_background_color=&#8220;rgba(255,255,255,0.13)&#8220; form_field_text_color=&#8220;#ffffff&#8220; form_field_focus_text_color=&#8220;#ffffff&#8220; button_text_size__hover_enabled=&#8220;off&#8220; button_one_text_size__hover_enabled=&#8220;off&#8220; button_two_text_size__hover_enabled=&#8220;off&#8220; button_text_color__hover_enabled=&#8220;off&#8220; button_one_text_color__hover_enabled=&#8220;off&#8220; button_two_text_color__hover_enabled=&#8220;off&#8220; button_border_width__hover_enabled=&#8220;off&#8220; button_one_border_width__hover_enabled=&#8220;off&#8220; button_two_border_width__hover_enabled=&#8220;off&#8220; button_border_color__hover_enabled=&#8220;off&#8220; button_one_border_color__hover_enabled=&#8220;off&#8220; button_two_border_color__hover_enabled=&#8220;off&#8220; button_border_radius__hover_enabled=&#8220;off&#8220; button_one_border_radius__hover_enabled=&#8220;off&#8220; button_two_border_radius__hover_enabled=&#8220;off&#8220; button_letter_spacing__hover_enabled=&#8220;off&#8220; button_one_letter_spacing__hover_enabled=&#8220;off&#8220; button_two_letter_spacing__hover_enabled=&#8220;off&#8220; button_bg_color__hover_enabled=&#8220;off&#8220; button_one_bg_color__hover_enabled=&#8220;off&#8220; button_two_bg_color__hover_enabled=&#8220;off&#8220;][\/et_pb_contact_field][\/et_pb_contact_form][et_pb_image src=&#8220;https:\/\/siccast.de\/wp-content\/uploads\/2020\/05\/ISO_9001_sw_kl.jpg&#8220; _builder_version=&#8220;4.4.1&#8243; width=&#8220;40%&#8220; module_alignment=&#8220;left&#8220; custom_margin=&#8220;15px||||false|false&#8220;][\/et_pb_image][et_pb_text admin_label=&#8220;Address Title&#8220; _builder_version=&#8220;4.5.7&#8243; text_font=&#8220;Lato||||||||&#8220; text_font_size=&#8220;18px&#8220; text_line_height=&#8220;1.8em&#8220; header_font=&#8220;||||||||&#8220; header_4_font=&#8220;Teko|500|||||||&#8220; header_4_font_size=&#8220;22px&#8220; background_layout=&#8220;dark&#8220; custom_margin=&#8220;-120px||||false|false&#8220; locked=&#8220;off&#8220;]<\/p>\n<p><img loading=\"lazy\" decoding=\"async\" class=\"wp-image-634 alignnone size-full\" style=\"float: right;\" src=\"https:\/\/siccast.de\/wp-content\/uploads\/2020\/07\/Forschung_und_Entwicklung_2020_web_en.png\" alt=\"\" width=\"155\" height=\"130\" \/><\/p>\n<p>[\/et_pb_text][et_pb_text admin_label=&#8220;Address Title&#8220; _builder_version=&#8220;4.5.7&#8243; text_font=&#8220;Lato||||||||&#8220; text_font_size=&#8220;18px&#8220; text_line_height=&#8220;1.8em&#8220; link_font_size=&#8220;15px&#8220; header_font=&#8220;||||||||&#8220; header_4_font=&#8220;Teko|500|||||||&#8220; header_4_font_size=&#8220;22px&#8220; background_layout=&#8220;dark&#8220; custom_margin=&#8220;20px||||false|false&#8220; locked=&#8220;off&#8220;]<\/p>\n<p>&nbsp;<\/p>\n<p>&nbsp;<\/p>\n<p>&nbsp;<\/p>\n<p><a href=\"https:\/\/siccast.de\/wp-content\/uploads\/2021\/01\/0017835-QMS-DEUDE-UKAS.pdf\" target=\"_blank\" rel=\"noopener noreferrer\">SICcast ISO 9001:2015 Zertifikat (de) 2018<\/a><br \/> <a href=\"https:\/\/siccast.de\/wp-content\/uploads\/2021\/01\/0017835-QMS-ENGUS-UKAS.pdf\" target=\"_blank\" rel=\"noopener noreferrer\">SICcast ISO 9001.2015 Certificate (en) 2018<\/a><\/p>\n<p>[\/et_pb_text][\/et_pb_column][\/et_pb_section]<\/p>\n","protected":false},"excerpt":{"rendered":"<p>KARRIERE BEI SICcastHier finden Sie aktuell vakante Stellen. SICcast ist ein familiengef\u00fchrtes Unternehmen in 3. Generation mit flachen Hierarchien. Wir bieten abwechslungsreiche T\u00e4tigkeiten in einem innovativen Industrieunternehmen. Wir bei SICcast berufen uns auf eine nachhaltige Unternehmenspolitik, Effizienz, Zuverl\u00e4ssigkeit, Innovation und kundenorientierten Service.Wir freuen uns jederzeit \u00fcber Initiativ-Bewerbungen. Zur Erweiterung unserer Gie\u00dfereiabteilung suchen wir ab sofort [&hellip;]<\/p>\n","protected":false},"author":3,"featured_media":0,"parent":0,"menu_order":0,"comment_status":"closed","ping_status":"closed","template":"","meta":{"_et_pb_use_builder":"on","_et_pb_old_content":"","_et_gb_content_width":"","footnotes":""},"class_list":["post-1216","page","type-page","status-publish","hentry"],"_links":{"self":[{"href":"https:\/\/siccast.de\/de\/wp-json\/wp\/v2\/pages\/1216","targetHints":{"allow":["GET"]}}],"collection":[{"href":"https:\/\/siccast.de\/de\/wp-json\/wp\/v2\/pages"}],"about":[{"href":"https:\/\/siccast.de\/de\/wp-json\/wp\/v2\/types\/page"}],"author":[{"embeddable":true,"href":"https:\/\/siccast.de\/de\/wp-json\/wp\/v2\/users\/3"}],"replies":[{"embeddable":true,"href":"https:\/\/siccast.de\/de\/wp-json\/wp\/v2\/comments?post=1216"}],"version-history":[{"count":14,"href":"https:\/\/siccast.de\/de\/wp-json\/wp\/v2\/pages\/1216\/revisions"}],"predecessor-version":[{"id":7903,"href":"https:\/\/siccast.de\/de\/wp-json\/wp\/v2\/pages\/1216\/revisions\/7903"}],"wp:attachment":[{"href":"https:\/\/siccast.de\/de\/wp-json\/wp\/v2\/media?parent=1216"}],"curies":[{"name":"wp","href":"https:\/\/api.w.org\/{rel}","templated":true}]}}